{"id":348,"date":"2025-04-24T14:07:43","date_gmt":"2025-04-24T14:07:43","guid":{"rendered":"https:\/\/www.vtc.chelha.net\/?page_id=348"},"modified":"2025-04-26T16:35:23","modified_gmt":"2025-04-26T16:35:23","slug":"informacion","status":"publish","type":"page","link":"https:\/\/taxiflacaenjoy.com\/ca\/informacion\/","title":{"rendered":"Informaci\u00f3"},"content":{"rendered":"<div data-elementor-type=\"wp-page\" data-elementor-id=\"348\" class=\"elementor elementor-348\" data-elementor-post-type=\"page\">\n\t\t\t\t<div class=\"elementor-element elementor-element-5520139 e-flex e-con-boxed e-con e-parent\" data-id=\"5520139\" data-element_type=\"container\" data-e-type=\"container\">\n\t\t\t\t\t<div class=\"e-con-inner\">\n\t\t\t\t<div class=\"elementor-element elementor-element-4bd83f0 elementor--h-position-center elementor--v-position-middle elementor-arrows-position-inside elementor-pagination-position-inside elementor-widget elementor-widget-slides\" data-id=\"4bd83f0\" data-element_type=\"widget\" data-e-type=\"widget\" data-settings=\"{&quot;navigation&quot;:&quot;both&quot;,&quot;autoplay&quot;:&quot;yes&quot;,&quot;pause_on_hover&quot;:&quot;yes&quot;,&quot;pause_on_interaction&quot;:&quot;yes&quot;,&quot;autoplay_speed&quot;:5000,&quot;infinite&quot;:&quot;yes&quot;,&quot;transition&quot;:&quot;slide&quot;,&quot;transition_speed&quot;:500}\" data-widget_type=\"slides.default\">\n\t\t\t\t<div class=\"elementor-widget-container\">\n\t\t\t\t\t\t\t\t\t<div class=\"elementor-swiper\">\n\t\t\t\t\t<div class=\"elementor-slides-wrapper elementor-main-swiper swiper\" role=\"region\" aria-roledescription=\"carousel\" aria-label=\"Slides\" dir=\"ltr\" data-animation=\"fadeInUp\">\n\t\t\t\t<div class=\"swiper-wrapper elementor-slides\">\n\t\t\t\t\t\t\t\t\t\t<div class=\"elementor-repeater-item-58beff0 swiper-slide\" role=\"group\" aria-roledescription=\"slide\"><div class=\"swiper-slide-bg\" role=\"img\" aria-label=\"VTC 01\"><\/div><div class=\"swiper-slide-inner\" ><div class=\"swiper-slide-contents\"><div class=\"elementor-slide-heading\">ELS NOSTRES VEHICLES<\/div><\/div><\/div><\/div><div class=\"elementor-repeater-item-676a57a swiper-slide\" role=\"group\" aria-roledescription=\"slide\"><div class=\"swiper-slide-bg\" role=\"img\" aria-label=\"VTC 02\"><\/div><div class=\"swiper-slide-inner\" ><div class=\"swiper-slide-contents\"><div class=\"elementor-slide-heading\">ELS NOSTRES VEHICLES<\/div><\/div><\/div><\/div><div class=\"elementor-repeater-item-d259f5e swiper-slide\" role=\"group\" aria-roledescription=\"slide\"><div class=\"swiper-slide-bg\" role=\"img\" aria-label=\"VTC 001\"><\/div><div class=\"swiper-slide-inner\" ><div class=\"swiper-slide-contents\"><div class=\"elementor-slide-heading\">ELS NOSTRES VEHICLES<\/div><\/div><\/div><\/div><div class=\"elementor-repeater-item-b439b4c swiper-slide\" role=\"group\" aria-roledescription=\"slide\"><div class=\"swiper-slide-bg\" role=\"img\" aria-label=\"VTC-002\"><\/div><div class=\"swiper-slide-inner\" ><div class=\"swiper-slide-contents\"><div class=\"elementor-slide-heading\">ELS NOSTRES VEHICLES<\/div><\/div><\/div><\/div><div class=\"elementor-repeater-item-55ec08f swiper-slide\" role=\"group\" aria-roledescription=\"slide\"><div class=\"swiper-slide-bg\" role=\"img\" aria-label=\"VTC-003\"><\/div><div class=\"swiper-slide-inner\" ><div class=\"swiper-slide-contents\"><div class=\"elementor-slide-heading\">ELS NOSTRES VEHICLES<\/div><\/div><\/div><\/div><div class=\"elementor-repeater-item-57574e8 swiper-slide\" role=\"group\" aria-roledescription=\"slide\"><div class=\"swiper-slide-bg\" role=\"img\" aria-label=\"VTC-004\"><\/div><div class=\"swiper-slide-inner\" ><div class=\"swiper-slide-contents\"><div class=\"elementor-slide-heading\">ELS NOSTRES VEHICLES<\/div><\/div><\/div><\/div>\t\t\t\t<\/div>\n\t\t\t\t\t\t\t\t\t\t\t\t\t\t\t<div class=\"elementor-swiper-button elementor-swiper-button-prev\" role=\"button\" tabindex=\"0\" aria-label=\"Previous slide\">\n\t\t\t\t\t\t\t<svg aria-hidden=\"true\" class=\"e-font-icon-svg e-eicon-chevron-left\" viewbox=\"0 0 1000 1000\" xmlns=\"http:\/\/www.w3.org\/2000\/svg\"><path d=\"M646 125C629 125 613 133 604 142L308 442C296 454 292 471 292 487 292 504 296 521 308 533L604 854C617 867 629 875 646 875 663 875 679 871 692 858 704 846 713 829 713 812 713 796 708 779 692 767L438 487 692 225C700 217 708 204 708 187 708 171 704 154 692 142 675 129 663 125 646 125Z\"><\/path><\/svg>\t\t\t\t\t\t<\/div>\n\t\t\t\t\t\t<div class=\"elementor-swiper-button elementor-swiper-button-next\" role=\"button\" tabindex=\"0\" aria-label=\"Next slide\">\n\t\t\t\t\t\t\t<svg aria-hidden=\"true\" class=\"e-font-icon-svg e-eicon-chevron-right\" viewbox=\"0 0 1000 1000\" xmlns=\"http:\/\/www.w3.org\/2000\/svg\"><path d=\"M696 533C708 521 713 504 713 487 713 471 708 454 696 446L400 146C388 133 375 125 354 125 338 125 325 129 313 142 300 154 292 171 292 187 292 204 296 221 308 233L563 492 304 771C292 783 288 800 288 817 288 833 296 850 308 863 321 871 338 875 354 875 371 875 388 867 400 854L696 533Z\"><\/path><\/svg>\t\t\t\t\t\t<\/div>\n\t\t\t\t\t\t\t\t\t\t\t\t\t\t\t\t<div class=\"swiper-pagination\"><\/div>\n\t\t\t\t\t\t\t\t\t\t\t\t<\/div>\n\t\t\t\t<\/div>\n\t\t\t\t\t\t\t\t<\/div>\n\t\t\t\t<\/div>\n\t\t\t\t\t<\/div>\n\t\t\t\t<\/div>\n\t\t<div class=\"elementor-element elementor-element-1e1449c e-flex e-con-boxed e-con e-parent\" data-id=\"1e1449c\" data-element_type=\"container\" data-e-type=\"container\" data-settings=\"{&quot;background_background&quot;:&quot;classic&quot;}\">\n\t\t\t\t\t<div class=\"e-con-inner\">\n\t\t<div class=\"elementor-element elementor-element-545cf23 e-con-full e-flex e-con e-child\" data-id=\"545cf23\" data-element_type=\"container\" data-e-type=\"container\">\n\t\t\t\t<\/div>\n\t\t<div class=\"elementor-element elementor-element-dc74363 e-con-full e-flex e-con e-child\" data-id=\"dc74363\" data-element_type=\"container\" data-e-type=\"container\">\n\t\t\t\t<div class=\"elementor-element elementor-element-edd9777 elementor-widget elementor-widget-text-editor\" data-id=\"edd9777\" data-element_type=\"widget\" data-e-type=\"widget\" data-widget_type=\"text-editor.default\">\n\t\t\t\t<div class=\"elementor-widget-container\">\n\t\t\t\t\t\t\t\t\t<div id=\"comp-kaqwcknw\" class=\"HcOXKn SxM0TO QxJLC3 lq2cno YQcXTT comp-kaqwcknw wixui-rich-text\" data-testid=\"richTextElement\"><p class=\"font_2 wixui-rich-text__text\" style=\"text-align: center;\"><span class=\"wixui-rich-text__text\">Vehicle segur i c\u00f2mode. <\/span><\/p><p class=\"font_2 wixui-rich-text__text\" style=\"text-align: center;\"><span class=\"wixui-rich-text__text\">Ampli espai per a l'equipatge.<\/span><\/p><p class=\"font_2 wixui-rich-text__text\" style=\"text-align: center;\"><span class=\"wixui-rich-text__text\">Aire condicionat. <\/span><\/p><p class=\"font_2 wixui-rich-text__text\" style=\"text-align: center;\"><span class=\"wixui-rich-text__text\">T\u00e9 capacitat per a 8 persones.<\/span><\/p><\/div>\t\t\t\t\t\t\t\t<\/div>\n\t\t\t\t<\/div>\n\t\t\t\t<\/div>\n\t\t<div class=\"elementor-element elementor-element-68a6652 e-con-full e-flex e-con e-child\" data-id=\"68a6652\" data-element_type=\"container\" data-e-type=\"container\">\n\t\t\t\t<\/div>\n\t\t\t\t\t<\/div>\n\t\t\t\t<\/div>\n\t\t<div class=\"elementor-element elementor-element-e14575f e-flex e-con-boxed e-con e-parent\" data-id=\"e14575f\" data-element_type=\"container\" data-e-type=\"container\" data-settings=\"{&quot;background_background&quot;:&quot;classic&quot;}\">\n\t\t\t\t\t<div class=\"e-con-inner\">\n\t\t\t\t<div class=\"elementor-element elementor-element-3020ea3 elementor-widget elementor-widget-text-editor\" data-id=\"3020ea3\" data-element_type=\"widget\" data-e-type=\"widget\" data-widget_type=\"text-editor.default\">\n\t\t\t\t<div class=\"elementor-widget-container\">\n\t\t\t\t\t\t\t\t\t<div id=\"comp-kaqwp6mj\" class=\"HcOXKn SxM0TO QxJLC3 lq2cno YQcXTT comp-kaqwp6mj wixui-rich-text\" data-testid=\"richTextElement\" data-motion-enter=\"done\"><p class=\"font_2 wixui-rich-text__text\"><span class=\"wixui-rich-text__text\">Netegem i desinfectem els nostres <\/span><span class=\"wixui-rich-text__text\">vehicles<\/span><span class=\"wixui-rich-text__text\">\u00a0despr\u00e9s de cada servei.<\/span><\/p><\/div>\t\t\t\t\t\t\t\t<\/div>\n\t\t\t\t<\/div>\n\t\t\t\t\t<\/div>\n\t\t\t\t<\/div>\n\t\t\t\t<\/div>","protected":false},"excerpt":{"rendered":"<p>NUESTROS VEH\u00cdCULOSNUESTROS VEH\u00cdCULOSNUESTROS VEH\u00cdCULOSNUESTROS VEH\u00cdCULOSNUESTROS VEH\u00cdCULOSNUESTROS VEH\u00cdCULOS Veh\u00edculo seguro y confortable. Amplio espacio para\u00a0equipaje. Climatizado. Con capacidad hasta\u00a08 pax. Limpiamos y desinfectamos nuestros veh\u00edculos\u00a0despu\u00e9s de\u00a0cada servicio.<\/p>","protected":false},"author":1,"featured_media":0,"parent":0,"menu_order":0,"comment_status":"closed","ping_status":"closed","template":"elementor_header_footer","meta":{"footnotes":""},"class_list":["post-348","page","type-page","status-publish","hentry"],"_links":{"self":[{"href":"https:\/\/taxiflacaenjoy.com\/ca\/wp-json\/wp\/v2\/pages\/348","targetHints":{"allow":["GET"]}}],"collection":[{"href":"https:\/\/taxiflacaenjoy.com\/ca\/wp-json\/wp\/v2\/pages"}],"about":[{"href":"https:\/\/taxiflacaenjoy.com\/ca\/wp-json\/wp\/v2\/types\/page"}],"author":[{"embeddable":true,"href":"https:\/\/taxiflacaenjoy.com\/ca\/wp-json\/wp\/v2\/users\/1"}],"replies":[{"embeddable":true,"href":"https:\/\/taxiflacaenjoy.com\/ca\/wp-json\/wp\/v2\/comments?post=348"}],"version-history":[{"count":22,"href":"https:\/\/taxiflacaenjoy.com\/ca\/wp-json\/wp\/v2\/pages\/348\/revisions"}],"predecessor-version":[{"id":518,"href":"https:\/\/taxiflacaenjoy.com\/ca\/wp-json\/wp\/v2\/pages\/348\/revisions\/518"}],"wp:attachment":[{"href":"https:\/\/taxiflacaenjoy.com\/ca\/wp-json\/wp\/v2\/media?parent=348"}],"curies":[{"name":"wp","href":"https:\/\/api.w.org\/{rel}","templated":true}]}}